{"id":1144,"date":"2015-05-16T08:46:09","date_gmt":"2015-05-16T08:46:09","guid":{"rendered":"http:\/\/cms04397.apps-1and1.net\/?page_id=2"},"modified":"2020-11-25T11:51:16","modified_gmt":"2020-11-25T10:51:16","slug":"sample-page-2","status":"publish","type":"page","link":"https:\/\/blog.tiran.stream\/?page_id=1144","title":{"rendered":"A propos"},"content":{"rendered":"<h3 style=\"text-align: justify;\">&#8230; de ce blog<\/h3>\n<p style=\"text-align: justify;\">Je vous invite \u00e0 lire le\u00a0<a href=\"http:\/\/rtiran.cloudns.cl\/?p=1143\" target=\"_blank\" rel=\"noopener noreferrer\">tout premier post<\/a> dans lequel j&rsquo;expliquais mon int\u00e9r\u00eat pour les\u00a0th\u00e9matiques de la statistique exploratoire et de l&rsquo;open-data.<\/p>\n<p style=\"text-align: justify;\">J&rsquo;ai d\u00e9cid\u00e9 d&rsquo;\u00e9crire en fran\u00e7ais car les blogs techniques francophones ne sont pas tr\u00e8s nombreux. Ensuite, concernant le contenu, j&rsquo;aurai pu me focaliser\u00a0sur l&rsquo;administration g\u00e9n\u00e9rale ou l&rsquo;optimiseur Oracle mais\u00a0il y a d\u00e9j\u00e0 une kyrielle\u00a0d&rsquo;excellents blogs qui y sont d\u00e9di\u00e9s.\u00a0Plut\u00f4t que de risquer de\u00a0r\u00e9p\u00e9ter &#8211; en moins bien &#8211; ce qui existe par ailleurs, j&rsquo;ai pris le parti d&rsquo;aborder d&rsquo;autres sujets moins expos\u00e9s. Pour autant ceux-ci me semblent \u00eatre\u00a0\u00e0 la confluence de tendances tr\u00e8s en vogue actuellement: machine learning, BI, analyse pr\u00e9dictive, data mining&#8230;<\/p>\n<h2 style=\"text-align: justify;\"><\/h2>\n<h3 style=\"text-align: justify;\">&#8230; de moi<\/h3>\n<p style=\"text-align: justify;\">Expert ind\u00e9pendant avec plus de 15 ans d&rsquo;exp\u00e9rience sur l&rsquo;\u00e9cosyst\u00e8me Oracle. Je suis sp\u00e9cialis\u00e9 en design, d\u00e9veloppement et administration d&rsquo;environnements critiques avec un focus particulier sur les probl\u00e9matiques de performance et de haute-disponibilit\u00e9.\u00a0J&rsquo;interviens aussi bien sur des missions courtes (expertise, tuning, formation) que sur des missions longues, sur place ou \u00e0 distance&#8230;<\/p>\n<p style=\"text-align: justify;\">Je suis certifi\u00e9\u00a0<a href=\"http:\/\/education.oracle.com\/education\/otn\/RTiran.htm\" target=\"_blank\" rel=\"noopener noreferrer\">Oracle Certified Master 10g &amp; 11g<\/a><\/p>\n<p>LinkedIn:\u00a0<a class=\"pv-contact-info__contact-item pv-contact-info__contact-link Sans-15px-black-55%\" href=\"https:\/\/www.linkedin.com\/in\/rapha%C3%ABl-tiran-a85a64125\">linkedin.com\/in\/rapha\u00ebl-tiran-a85a64125<\/a><\/p>\n<p style=\"text-align: justify;\">Pour me contacter: <a href=\"mailto:rtiran@ymail.com\">rtiran@ymail.com<\/a><\/p>\n","protected":false},"excerpt":{"rendered":"<p>&#8230; de ce blog Je vous invite \u00e0 lire le\u00a0tout premier post dans lequel j&rsquo;expliquais mon int\u00e9r\u00eat pour les\u00a0th\u00e9matiques de<\/p>\n","protected":false},"author":1,"featured_media":0,"parent":0,"menu_order":0,"comment_status":"open","ping_status":"open","template":"","meta":{"colormag_page_container_layout":"default_layout","colormag_page_sidebar_layout":"default_layout","footnotes":""},"class_list":["post-1144","page","type-page","status-publish","hentry"],"_links":{"self":[{"href":"https:\/\/blog.tiran.stream\/index.php?rest_route=\/wp\/v2\/pages\/1144","targetHints":{"allow":["GET"]}}],"collection":[{"href":"https:\/\/blog.tiran.stream\/index.php?rest_route=\/wp\/v2\/pages"}],"about":[{"href":"https:\/\/blog.tiran.stream\/index.php?rest_route=\/wp\/v2\/types\/page"}],"author":[{"embeddable":true,"href":"https:\/\/blog.tiran.stream\/index.php?rest_route=\/wp\/v2\/users\/1"}],"replies":[{"embeddable":true,"href":"https:\/\/blog.tiran.stream\/index.php?rest_route=%2Fwp%2Fv2%2Fcomments&post=1144"}],"version-history":[{"count":4,"href":"https:\/\/blog.tiran.stream\/index.php?rest_route=\/wp\/v2\/pages\/1144\/revisions"}],"predecessor-version":[{"id":1268,"href":"https:\/\/blog.tiran.stream\/index.php?rest_route=\/wp\/v2\/pages\/1144\/revisions\/1268"}],"wp:attachment":[{"href":"https:\/\/blog.tiran.stream\/index.php?rest_route=%2Fwp%2Fv2%2Fmedia&parent=1144"}],"curies":[{"name":"wp","href":"https:\/\/api.w.org\/{rel}","templated":true}]}}